{"id":74,"date":"2022-03-13T20:46:02","date_gmt":"2022-03-13T19:46:02","guid":{"rendered":"https:\/\/tulaboratoriofavorito.wordpress.com\/?page_id=74"},"modified":"2026-01-28T10:53:14","modified_gmt":"2026-01-28T09:53:14","slug":"tarifas","status":"publish","type":"page","link":"https:\/\/sollabsevilla.com\/index.php\/tarifas\/","title":{"rendered":"Tarifas"},"content":{"rendered":"\n<div style=\"height:205px\" aria-hidden=\"true\" class=\"wp-block-spacer\"><\/div>\n\n\n\n<h2 class=\"wp-block-heading has-text-align-center\">Tarifas<\/h2>\n\n\n\n<div class=\"wp-block-columns is-layout-flex wp-container-core-columns-is-layout-28f84493 wp-block-columns-is-layout-flex\">\n<div class=\"wp-block-column is-layout-flow wp-block-column-is-layout-flow\" style=\"flex-basis:5px\"><\/div>\n\n\n\n<div class=\"wp-block-column is-layout-flow wp-block-column-is-layout-flow\" style=\"flex-basis:90%\">\n<figure class=\"wp-block-gallery has-nested-images columns-default is-cropped wp-block-gallery-1 is-layout-flex wp-block-gallery-is-layout-flex\">\n<figure class=\"wp-block-image size-full\"><img loading=\"lazy\" decoding=\"async\" width=\"1333\" height=\"2000\" data-id=\"4145\" src=\"https:\/\/sollabsevilla.com\/wp-content\/uploads\/2026\/01\/TARIFAS-WEB.jpg\" alt=\"\" class=\"wp-image-4145\" srcset=\"https:\/\/sollabsevilla.com\/wp-content\/uploads\/2026\/01\/TARIFAS-WEB.jpg 1333w, https:\/\/sollabsevilla.com\/wp-content\/uploads\/2026\/01\/TARIFAS-WEB-200x300.jpg 200w, https:\/\/sollabsevilla.com\/wp-content\/uploads\/2026\/01\/TARIFAS-WEB-682x1024.jpg 682w, https:\/\/sollabsevilla.com\/wp-content\/uploads\/2026\/01\/TARIFAS-WEB-768x1152.jpg 768w, https:\/\/sollabsevilla.com\/wp-content\/uploads\/2026\/01\/TARIFAS-WEB-1024x1536.jpg 1024w, https:\/\/sollabsevilla.com\/wp-content\/uploads\/2026\/01\/TARIFAS-WEB-600x900.jpg 600w\" sizes=\"auto, (max-width: 1333px) 100vw, 1333px\" \/><\/figure>\n\n\n\n<figure class=\"wp-block-image size-full\"><img loading=\"lazy\" decoding=\"async\" width=\"1333\" height=\"2000\" data-id=\"4141\" src=\"https:\/\/sollabsevilla.com\/wp-content\/uploads\/2026\/01\/2.jpg\" alt=\"\" class=\"wp-image-4141\" srcset=\"https:\/\/sollabsevilla.com\/wp-content\/uploads\/2026\/01\/2.jpg 1333w, https:\/\/sollabsevilla.com\/wp-content\/uploads\/2026\/01\/2-200x300.jpg 200w, https:\/\/sollabsevilla.com\/wp-content\/uploads\/2026\/01\/2-682x1024.jpg 682w, https:\/\/sollabsevilla.com\/wp-content\/uploads\/2026\/01\/2-768x1152.jpg 768w, https:\/\/sollabsevilla.com\/wp-content\/uploads\/2026\/01\/2-1024x1536.jpg 1024w, https:\/\/sollabsevilla.com\/wp-content\/uploads\/2026\/01\/2-600x900.jpg 600w\" sizes=\"auto, (max-width: 1333px) 100vw, 1333px\" \/><\/figure>\n\n\n\n<figure class=\"wp-block-image size-full\"><img loading=\"lazy\" decoding=\"async\" width=\"1333\" height=\"2000\" data-id=\"4142\" src=\"https:\/\/sollabsevilla.com\/wp-content\/uploads\/2026\/01\/3.jpg\" alt=\"\" class=\"wp-image-4142\" srcset=\"https:\/\/sollabsevilla.com\/wp-content\/uploads\/2026\/01\/3.jpg 1333w, https:\/\/sollabsevilla.com\/wp-content\/uploads\/2026\/01\/3-200x300.jpg 200w, https:\/\/sollabsevilla.com\/wp-content\/uploads\/2026\/01\/3-682x1024.jpg 682w, https:\/\/sollabsevilla.com\/wp-content\/uploads\/2026\/01\/3-768x1152.jpg 768w, https:\/\/sollabsevilla.com\/wp-content\/uploads\/2026\/01\/3-1024x1536.jpg 1024w, https:\/\/sollabsevilla.com\/wp-content\/uploads\/2026\/01\/3-600x900.jpg 600w\" sizes=\"auto, (max-width: 1333px) 100vw, 1333px\" \/><\/figure>\n<\/figure>\n\n\n\n<div style=\"height:50px\" aria-hidden=\"true\" class=\"wp-block-spacer\"><\/div>\n\n\n\n<p class=\"has-text-align-center has-custom-transform\" style=\"font-size:15px;text-transform:initial\">Para otros servicios como revelados urgentes, restauraci\u00f3n de fotograf\u00edas deterioradas o compra de pel\u00edcula puedes consultarnos por email o Instagram<br><\/p>\n\n\n\n<div style=\"height:50px\" aria-hidden=\"true\" class=\"wp-block-spacer\"><\/div>\n<\/div>\n\n\n\n<div class=\"wp-block-column is-layout-flow wp-block-column-is-layout-flow\" style=\"flex-basis:5%\"><\/div>\n<\/div>\n\n\n\n<p><\/p>\n","protected":false},"excerpt":{"rendered":"<p>Tarifas Para otros servicios como revelados urgentes, restauraci\u00f3n de fotograf\u00edas deterioradas o compra de pel\u00edcula puedes consultarnos por email o [&hellip;]<\/p>\n","protected":false},"author":1,"featured_media":0,"parent":0,"menu_order":0,"comment_status":"closed","ping_status":"closed","template":"","meta":{"_coblocks_attr":"","_coblocks_dimensions":"","_coblocks_responsive_height":"","_coblocks_accordion_ie_support":"","om_disable_all_campaigns":false,"site-sidebar-layout":"default","site-content-layout":"","ast-site-content-layout":"default","site-content-style":"default","site-sidebar-style":"default","ast-global-header-display":"","ast-banner-title-visibility":"","ast-main-header-display":"","ast-hfb-above-header-display":"","ast-hfb-below-header-display":"","ast-hfb-mobile-header-display":"","site-post-title":"disabled","ast-breadcrumbs-content":"","ast-featured-img":"","footer-sml-layout":"","theme-transparent-header-meta":"","adv-header-id-meta":"","stick-header-meta":"","header-above-stick-meta":"","header-main-stick-meta":"","header-below-stick-meta":"","astra-migrate-meta-layouts":"set","ast-page-background-enabled":"default","ast-page-background-meta":{"desktop":{"background-color":"var(--ast-global-color-4)","background-image":"","background-repeat":"repeat","background-position":"center center","background-size":"auto","background-attachment":"scroll","background-type":"","background-media":"","overlay-type":"","overlay-color":"","overlay-opacity":"","overlay-gradient":""},"tablet":{"background-color":"","background-image":"","background-repeat":"repeat","background-position":"center center","background-size":"auto","background-attachment":"scroll","background-type":"","background-media":"","overlay-type":"","overlay-color":"","overlay-opacity":"","overlay-gradient":""},"mobile":{"background-color":"","background-image":"","background-repeat":"repeat","background-position":"center center","background-size":"auto","background-attachment":"scroll","background-type":"","background-media":"","overlay-type":"","overlay-color":"","overlay-opacity":"","overlay-gradient":""}},"ast-content-background-meta":{"desktop":{"background-color":"var(--ast-global-color-5)","background-image":"","background-repeat":"repeat","background-position":"center center","background-size":"auto","background-attachment":"scroll","background-type":"","background-media":"","overlay-type":"","overlay-color":"","overlay-opacity":"","overlay-gradient":""},"tablet":{"background-color":"var(--ast-global-color-5)","background-image":"","background-repeat":"repeat","background-position":"center center","background-size":"auto","background-attachment":"scroll","background-type":"","background-media":"","overlay-type":"","overlay-color":"","overlay-opacity":"","overlay-gradient":""},"mobile":{"background-color":"var(--ast-global-color-5)","background-image":"","background-repeat":"repeat","background-position":"center center","background-size":"auto","background-attachment":"scroll","background-type":"","background-media":"","overlay-type":"","overlay-color":"","overlay-opacity":"","overlay-gradient":""}},"ngg_post_thumbnail":0,"footnotes":""},"class_list":["post-74","page","type-page","status-publish","hentry"],"yoast_head":"<!-- This site is optimized with the Yoast SEO plugin v27.4 - https:\/\/yoast.com\/product\/yoast-seo-wordpress\/ -->\n<title>Tarifas  | Tabla de precios y otras tarifas especiales<\/title>\n<meta name=\"description\" content=\"Consulta nuestras tarifas de revelado de pel\u00edcula, escaneado e impresi\u00f3n digital aqu\u00ed.\" \/>\n<meta name=\"robots\" content=\"index, follow, max-snippet:-1, max-image-preview:large, max-video-preview:-1\" \/>\n<link rel=\"canonical\" href=\"https:\/\/sollabsevilla.com\/index.php\/tarifas\/\" \/>\n<meta property=\"og:locale\" content=\"es_ES\" \/>\n<meta property=\"og:type\" content=\"article\" \/>\n<meta property=\"og:title\" content=\"Tarifas  | Tabla de precios y otras tarifas especiales\" \/>\n<meta property=\"og:description\" content=\"Consulta nuestras tarifas de revelado de pel\u00edcula, escaneado e impresi\u00f3n digital aqu\u00ed.\" \/>\n<meta property=\"og:url\" content=\"https:\/\/sollabsevilla.com\/index.php\/tarifas\/\" \/>\n<meta property=\"article:modified_time\" content=\"2026-01-28T09:53:14+00:00\" \/>\n<meta property=\"og:image\" content=\"https:\/\/sollabsevilla.com\/wp-content\/uploads\/2026\/01\/TARIFAS-WEB.jpg\" \/>\n\t<meta property=\"og:image:width\" content=\"1333\" \/>\n\t<meta property=\"og:image:height\" content=\"2000\" \/>\n\t<meta property=\"og:image:type\" content=\"image\/jpeg\" \/>\n<meta name=\"twitter:card\" content=\"summary_large_image\" \/>\n<meta name=\"twitter:label1\" content=\"Tiempo de lectura\" \/>\n\t<meta name=\"twitter:data1\" content=\"1 minuto\" \/>\n<script type=\"application\/ld+json\" class=\"yoast-schema-graph\">{\"@context\":\"https:\\\/\\\/schema.org\",\"@graph\":[{\"@type\":\"WebPage\",\"@id\":\"https:\\\/\\\/sollabsevilla.com\\\/index.php\\\/tarifas\\\/\",\"url\":\"https:\\\/\\\/sollabsevilla.com\\\/index.php\\\/tarifas\\\/\",\"name\":\"Tarifas | Tabla de precios y otras tarifas especiales\",\"isPartOf\":{\"@id\":\"https:\\\/\\\/sollabsevilla.com\\\/#website\"},\"primaryImageOfPage\":{\"@id\":\"https:\\\/\\\/sollabsevilla.com\\\/index.php\\\/tarifas\\\/#primaryimage\"},\"image\":{\"@id\":\"https:\\\/\\\/sollabsevilla.com\\\/index.php\\\/tarifas\\\/#primaryimage\"},\"thumbnailUrl\":\"https:\\\/\\\/sollabsevilla.com\\\/wp-content\\\/uploads\\\/2026\\\/01\\\/TARIFAS-WEB.jpg\",\"datePublished\":\"2022-03-13T19:46:02+00:00\",\"dateModified\":\"2026-01-28T09:53:14+00:00\",\"description\":\"Consulta nuestras tarifas de revelado de pel\u00edcula, escaneado e impresi\u00f3n digital aqu\u00ed.\",\"breadcrumb\":{\"@id\":\"https:\\\/\\\/sollabsevilla.com\\\/index.php\\\/tarifas\\\/#breadcrumb\"},\"inLanguage\":\"es\",\"potentialAction\":[{\"@type\":\"ReadAction\",\"target\":[\"https:\\\/\\\/sollabsevilla.com\\\/index.php\\\/tarifas\\\/\"]}]},{\"@type\":\"ImageObject\",\"inLanguage\":\"es\",\"@id\":\"https:\\\/\\\/sollabsevilla.com\\\/index.php\\\/tarifas\\\/#primaryimage\",\"url\":\"https:\\\/\\\/sollabsevilla.com\\\/wp-content\\\/uploads\\\/2026\\\/01\\\/TARIFAS-WEB.jpg\",\"contentUrl\":\"https:\\\/\\\/sollabsevilla.com\\\/wp-content\\\/uploads\\\/2026\\\/01\\\/TARIFAS-WEB.jpg\",\"width\":1333,\"height\":2000},{\"@type\":\"BreadcrumbList\",\"@id\":\"https:\\\/\\\/sollabsevilla.com\\\/index.php\\\/tarifas\\\/#breadcrumb\",\"itemListElement\":[{\"@type\":\"ListItem\",\"position\":1,\"name\":\"Portada\",\"item\":\"https:\\\/\\\/sollabsevilla.com\\\/\"},{\"@type\":\"ListItem\",\"position\":2,\"name\":\"Tarifas\"}]},{\"@type\":\"WebSite\",\"@id\":\"https:\\\/\\\/sollabsevilla.com\\\/#website\",\"url\":\"https:\\\/\\\/sollabsevilla.com\\\/\",\"name\":\"www.sollabsevilla.com\",\"description\":\"\",\"publisher\":{\"@id\":\"https:\\\/\\\/sollabsevilla.com\\\/#organization\"},\"potentialAction\":[{\"@type\":\"SearchAction\",\"target\":{\"@type\":\"EntryPoint\",\"urlTemplate\":\"https:\\\/\\\/sollabsevilla.com\\\/?s={search_term_string}\"},\"query-input\":{\"@type\":\"PropertyValueSpecification\",\"valueRequired\":true,\"valueName\":\"search_term_string\"}}],\"inLanguage\":\"es\"},{\"@type\":\"Organization\",\"@id\":\"https:\\\/\\\/sollabsevilla.com\\\/#organization\",\"name\":\"www.sollabsevilla.com\",\"url\":\"https:\\\/\\\/sollabsevilla.com\\\/\",\"logo\":{\"@type\":\"ImageObject\",\"inLanguage\":\"es\",\"@id\":\"https:\\\/\\\/sollabsevilla.com\\\/#\\\/schema\\\/logo\\\/image\\\/\",\"url\":\"https:\\\/\\\/sollabsevilla.com\\\/wp-content\\\/uploads\\\/2024\\\/10\\\/cropped-master-logo-factura-copia.png\",\"contentUrl\":\"https:\\\/\\\/sollabsevilla.com\\\/wp-content\\\/uploads\\\/2024\\\/10\\\/cropped-master-logo-factura-copia.png\",\"width\":2500,\"height\":698,\"caption\":\"www.sollabsevilla.com\"},\"image\":{\"@id\":\"https:\\\/\\\/sollabsevilla.com\\\/#\\\/schema\\\/logo\\\/image\\\/\"},\"sameAs\":[\"https:\\\/\\\/www.instagram.com\\\/sol.lab\\\/\"]}]}<\/script>\n<!-- \/ Yoast SEO plugin. -->","yoast_head_json":{"title":"Tarifas  | Tabla de precios y otras tarifas especiales","description":"Consulta nuestras tarifas de revelado de pel\u00edcula, escaneado e impresi\u00f3n digital aqu\u00ed.","robots":{"index":"index","follow":"follow","max-snippet":"max-snippet:-1","max-image-preview":"max-image-preview:large","max-video-preview":"max-video-preview:-1"},"canonical":"https:\/\/sollabsevilla.com\/index.php\/tarifas\/","og_locale":"es_ES","og_type":"article","og_title":"Tarifas  | Tabla de precios y otras tarifas especiales","og_description":"Consulta nuestras tarifas de revelado de pel\u00edcula, escaneado e impresi\u00f3n digital aqu\u00ed.","og_url":"https:\/\/sollabsevilla.com\/index.php\/tarifas\/","article_modified_time":"2026-01-28T09:53:14+00:00","og_image":[{"width":1333,"height":2000,"url":"https:\/\/sollabsevilla.com\/wp-content\/uploads\/2026\/01\/TARIFAS-WEB.jpg","type":"image\/jpeg"}],"twitter_card":"summary_large_image","twitter_misc":{"Tiempo de lectura":"1 minuto"},"schema":{"@context":"https:\/\/schema.org","@graph":[{"@type":"WebPage","@id":"https:\/\/sollabsevilla.com\/index.php\/tarifas\/","url":"https:\/\/sollabsevilla.com\/index.php\/tarifas\/","name":"Tarifas | Tabla de precios y otras tarifas especiales","isPartOf":{"@id":"https:\/\/sollabsevilla.com\/#website"},"primaryImageOfPage":{"@id":"https:\/\/sollabsevilla.com\/index.php\/tarifas\/#primaryimage"},"image":{"@id":"https:\/\/sollabsevilla.com\/index.php\/tarifas\/#primaryimage"},"thumbnailUrl":"https:\/\/sollabsevilla.com\/wp-content\/uploads\/2026\/01\/TARIFAS-WEB.jpg","datePublished":"2022-03-13T19:46:02+00:00","dateModified":"2026-01-28T09:53:14+00:00","description":"Consulta nuestras tarifas de revelado de pel\u00edcula, escaneado e impresi\u00f3n digital aqu\u00ed.","breadcrumb":{"@id":"https:\/\/sollabsevilla.com\/index.php\/tarifas\/#breadcrumb"},"inLanguage":"es","potentialAction":[{"@type":"ReadAction","target":["https:\/\/sollabsevilla.com\/index.php\/tarifas\/"]}]},{"@type":"ImageObject","inLanguage":"es","@id":"https:\/\/sollabsevilla.com\/index.php\/tarifas\/#primaryimage","url":"https:\/\/sollabsevilla.com\/wp-content\/uploads\/2026\/01\/TARIFAS-WEB.jpg","contentUrl":"https:\/\/sollabsevilla.com\/wp-content\/uploads\/2026\/01\/TARIFAS-WEB.jpg","width":1333,"height":2000},{"@type":"BreadcrumbList","@id":"https:\/\/sollabsevilla.com\/index.php\/tarifas\/#breadcrumb","itemListElement":[{"@type":"ListItem","position":1,"name":"Portada","item":"https:\/\/sollabsevilla.com\/"},{"@type":"ListItem","position":2,"name":"Tarifas"}]},{"@type":"WebSite","@id":"https:\/\/sollabsevilla.com\/#website","url":"https:\/\/sollabsevilla.com\/","name":"www.sollabsevilla.com","description":"","publisher":{"@id":"https:\/\/sollabsevilla.com\/#organization"},"potentialAction":[{"@type":"SearchAction","target":{"@type":"EntryPoint","urlTemplate":"https:\/\/sollabsevilla.com\/?s={search_term_string}"},"query-input":{"@type":"PropertyValueSpecification","valueRequired":true,"valueName":"search_term_string"}}],"inLanguage":"es"},{"@type":"Organization","@id":"https:\/\/sollabsevilla.com\/#organization","name":"www.sollabsevilla.com","url":"https:\/\/sollabsevilla.com\/","logo":{"@type":"ImageObject","inLanguage":"es","@id":"https:\/\/sollabsevilla.com\/#\/schema\/logo\/image\/","url":"https:\/\/sollabsevilla.com\/wp-content\/uploads\/2024\/10\/cropped-master-logo-factura-copia.png","contentUrl":"https:\/\/sollabsevilla.com\/wp-content\/uploads\/2024\/10\/cropped-master-logo-factura-copia.png","width":2500,"height":698,"caption":"www.sollabsevilla.com"},"image":{"@id":"https:\/\/sollabsevilla.com\/#\/schema\/logo\/image\/"},"sameAs":["https:\/\/www.instagram.com\/sol.lab\/"]}]}},"jetpack_sharing_enabled":true,"_links":{"self":[{"href":"https:\/\/sollabsevilla.com\/index.php\/wp-json\/wp\/v2\/pages\/74","targetHints":{"allow":["GET"]}}],"collection":[{"href":"https:\/\/sollabsevilla.com\/index.php\/wp-json\/wp\/v2\/pages"}],"about":[{"href":"https:\/\/sollabsevilla.com\/index.php\/wp-json\/wp\/v2\/types\/page"}],"author":[{"embeddable":true,"href":"https:\/\/sollabsevilla.com\/index.php\/wp-json\/wp\/v2\/users\/1"}],"replies":[{"embeddable":true,"href":"https:\/\/sollabsevilla.com\/index.php\/wp-json\/wp\/v2\/comments?post=74"}],"version-history":[{"count":29,"href":"https:\/\/sollabsevilla.com\/index.php\/wp-json\/wp\/v2\/pages\/74\/revisions"}],"predecessor-version":[{"id":4146,"href":"https:\/\/sollabsevilla.com\/index.php\/wp-json\/wp\/v2\/pages\/74\/revisions\/4146"}],"wp:attachment":[{"href":"https:\/\/sollabsevilla.com\/index.php\/wp-json\/wp\/v2\/media?parent=74"}],"curies":[{"name":"wp","href":"https:\/\/api.w.org\/{rel}","templated":true}]}}