{"id":36,"date":"2022-03-13T19:50:10","date_gmt":"2022-03-13T18:50:10","guid":{"rendered":"https:\/\/tulaboratoriofavorito.wordpress.com\/?page_id=36"},"modified":"2026-01-19T17:13:56","modified_gmt":"2026-01-19T16:13:56","slug":"inicio","status":"publish","type":"page","link":"https:\/\/sollabsevilla.com\/","title":{"rendered":"Inicio"},"content":{"rendered":"\n<div style=\"height:203px\" aria-hidden=\"true\" class=\"wp-block-spacer\"><\/div>\n\n\n\n<figure class=\"wp-block-image aligncenter size-full is-resized\"><img loading=\"lazy\" decoding=\"async\" width=\"709\" height=\"709\" src=\"https:\/\/sollabsevilla.com\/wp-content\/uploads\/2024\/10\/sol-transparent-09-1.png\" alt=\"Sol Lab Laboratorio Anal\u00f3gico\" class=\"wp-image-3916\" style=\"width:258px;height:auto\" srcset=\"https:\/\/sollabsevilla.com\/wp-content\/uploads\/2024\/10\/sol-transparent-09-1.png 709w, https:\/\/sollabsevilla.com\/wp-content\/uploads\/2024\/10\/sol-transparent-09-1-300x300.png 300w, https:\/\/sollabsevilla.com\/wp-content\/uploads\/2024\/10\/sol-transparent-09-1-150x150.png 150w, https:\/\/sollabsevilla.com\/wp-content\/uploads\/2024\/10\/sol-transparent-09-1-600x600.png 600w\" sizes=\"auto, (max-width: 709px) 100vw, 709px\" \/><\/figure>\n\n\n\n<div style=\"height:120px\" aria-hidden=\"true\" class=\"wp-block-spacer\"><\/div>\n\n\n\n<div class=\"wp-block-cover alignfull\" style=\"min-height:347px;aspect-ratio:unset;\"><span aria-hidden=\"true\" class=\"wp-block-cover__background has-ast-global-color-1-background-color has-background-dim-100 has-background-dim\"><\/span><div class=\"wp-block-cover__inner-container is-layout-flow wp-block-cover-is-layout-flow\">\n<h2 class=\"wp-block-heading has-text-align-center has-ast-global-color-5-color has-text-color has-link-color has-custom-transform wp-elements-3e54d1ebb16d01d0cf48544bc2c11227\" style=\"font-size:30px;text-transform:initial\">Tu laboratorio anal\u00f3gico en Sevilla<\/h2>\n\n\n\n<h2 class=\"wp-block-heading has-text-align-center has-ast-global-color-5-color has-text-color has-link-color has-custom-transform wp-elements-d592c3595485e3556deaee4fb82cdf17\" style=\"font-size:18px;text-transform:initial\">Revelamos, escaneamos e imprimimos tus fotograf\u00edas<\/h2>\n\n\n\n<h6 class=\"wp-block-heading has-text-align-center has-ast-global-color-5-color has-text-color has-link-color wp-elements-485eedfc71d97196561b1c3b07d7806d\">c\/ Almirante Tenorio n\u00ba3 41003 Sevilla<\/h6>\n<\/div><\/div>\n\n\n\n<div style=\"height:40px\" aria-hidden=\"true\" class=\"wp-block-spacer\"><\/div>\n","protected":false},"excerpt":{"rendered":"","protected":false},"author":1,"featured_media":0,"parent":0,"menu_order":0,"comment_status":"closed","ping_status":"closed","template":"","meta":{"_coblocks_attr":"Playfair Display,Montserrat,Helvetica","_coblocks_dimensions":"","_coblocks_responsive_height":"","_coblocks_accordion_ie_support":"","om_disable_all_campaigns":false,"site-sidebar-layout":"default","site-content-layout":"","ast-site-content-layout":"default","site-content-style":"default","site-sidebar-style":"default","ast-global-header-display":"","ast-banner-title-visibility":"","ast-main-header-display":"","ast-hfb-above-header-display":"","ast-hfb-below-header-display":"","ast-hfb-mobile-header-display":"","site-post-title":"disabled","ast-breadcrumbs-content":"","ast-featured-img":"","footer-sml-layout":"","theme-transparent-header-meta":"","adv-header-id-meta":"","stick-header-meta":"","header-above-stick-meta":"","header-main-stick-meta":"","header-below-stick-meta":"","astra-migrate-meta-layouts":"set","ast-page-background-enabled":"default","ast-page-background-meta":{"desktop":{"background-color":"var(--ast-global-color-4)","background-image":"","background-repeat":"repeat","background-position":"center center","background-size":"auto","background-attachment":"scroll","background-type":"","background-media":"","overlay-type":"","overlay-color":"","overlay-opacity":"","overlay-gradient":""},"tablet":{"background-color":"","background-image":"","background-repeat":"repeat","background-position":"center center","background-size":"auto","background-attachment":"scroll","background-type":"","background-media":"","overlay-type":"","overlay-color":"","overlay-opacity":"","overlay-gradient":""},"mobile":{"background-color":"","background-image":"","background-repeat":"repeat","background-position":"center center","background-size":"auto","background-attachment":"scroll","background-type":"","background-media":"","overlay-type":"","overlay-color":"","overlay-opacity":"","overlay-gradient":""}},"ast-content-background-meta":{"desktop":{"background-color":"var(--ast-global-color-5)","background-image":"","background-repeat":"repeat","background-position":"center center","background-size":"auto","background-attachment":"scroll","background-type":"","background-media":"","overlay-type":"","overlay-color":"","overlay-opacity":"","overlay-gradient":""},"tablet":{"background-color":"var(--ast-global-color-5)","background-image":"","background-repeat":"repeat","background-position":"center center","background-size":"auto","background-attachment":"scroll","background-type":"","background-media":"","overlay-type":"","overlay-color":"","overlay-opacity":"","overlay-gradient":""},"mobile":{"background-color":"var(--ast-global-color-5)","background-image":"","background-repeat":"repeat","background-position":"center center","background-size":"auto","background-attachment":"scroll","background-type":"","background-media":"","overlay-type":"","overlay-color":"","overlay-opacity":"","overlay-gradient":""}},"ngg_post_thumbnail":0,"footnotes":""},"class_list":["post-36","page","type-page","status-publish","hentry"],"yoast_head":"<!-- This site is optimized with the Yoast SEO plugin v27.5 - https:\/\/yoast.com\/product\/yoast-seo-wordpress\/ -->\n<title>SOL LAB | Laboratorio Anal\u00f3gico Sevilla | Revelado de carretes<\/title>\n<meta name=\"description\" content=\"Revelado y venta de carretes, digitalizaci\u00f3n y servicios de impresi\u00f3n digital. Reparaci\u00f3n y venta de c\u00e1maras. C\/Almirante Tenorio 3, Sevilla\" \/>\n<meta name=\"robots\" content=\"index, follow, max-snippet:-1, max-image-preview:large, max-video-preview:-1\" \/>\n<link rel=\"canonical\" href=\"https:\/\/sollabsevilla.com\/\" \/>\n<meta property=\"og:locale\" content=\"es_ES\" \/>\n<meta property=\"og:type\" content=\"article\" \/>\n<meta property=\"og:title\" content=\"SOL LAB | Laboratorio Anal\u00f3gico Sevilla | Revelado de carretes\" \/>\n<meta property=\"og:description\" content=\"Revelado y venta de carretes, digitalizaci\u00f3n y servicios de impresi\u00f3n digital. Reparaci\u00f3n y venta de c\u00e1maras. C\/Almirante Tenorio 3, Sevilla\" \/>\n<meta property=\"og:url\" content=\"https:\/\/sollabsevilla.com\/\" \/>\n<meta property=\"article:modified_time\" content=\"2026-01-19T16:13:56+00:00\" \/>\n<meta property=\"og:image\" content=\"https:\/\/sollabsevilla.com\/wp-content\/uploads\/2024\/10\/sol-transparent-09-1.png\" \/>\n\t<meta property=\"og:image:width\" content=\"709\" \/>\n\t<meta property=\"og:image:height\" content=\"709\" \/>\n\t<meta property=\"og:image:type\" content=\"image\/png\" \/>\n<meta name=\"twitter:card\" content=\"summary_large_image\" \/>\n<meta name=\"twitter:label1\" content=\"Tiempo de lectura\" \/>\n\t<meta name=\"twitter:data1\" content=\"1 minuto\" \/>\n<script type=\"application\/ld+json\" class=\"yoast-schema-graph\">{\"@context\":\"https:\\\/\\\/schema.org\",\"@graph\":[{\"@type\":[\"Article\",\"BlogPosting\"],\"@id\":\"https:\\\/\\\/sollabsevilla.com\\\/#article\",\"isPartOf\":{\"@id\":\"https:\\\/\\\/sollabsevilla.com\\\/\"},\"author\":{\"name\":\"SolLab\",\"@id\":\"https:\\\/\\\/sollabsevilla.com\\\/#\\\/schema\\\/person\\\/a317ebf61846ee6afdf2436f3d9681c5\"},\"headline\":\"Inicio\",\"datePublished\":\"2022-03-13T18:50:10+00:00\",\"dateModified\":\"2026-01-19T16:13:56+00:00\",\"mainEntityOfPage\":{\"@id\":\"https:\\\/\\\/sollabsevilla.com\\\/\"},\"wordCount\":19,\"publisher\":{\"@id\":\"https:\\\/\\\/sollabsevilla.com\\\/#organization\"},\"image\":{\"@id\":\"https:\\\/\\\/sollabsevilla.com\\\/#primaryimage\"},\"thumbnailUrl\":\"https:\\\/\\\/sollabsevilla.com\\\/wp-content\\\/uploads\\\/2024\\\/10\\\/sol-transparent-09-1.png\",\"inLanguage\":\"es\"},{\"@type\":\"WebPage\",\"@id\":\"https:\\\/\\\/sollabsevilla.com\\\/\",\"url\":\"https:\\\/\\\/sollabsevilla.com\\\/\",\"name\":\"SOL LAB | Laboratorio Anal\u00f3gico Sevilla | Revelado de carretes\",\"isPartOf\":{\"@id\":\"https:\\\/\\\/sollabsevilla.com\\\/#website\"},\"primaryImageOfPage\":{\"@id\":\"https:\\\/\\\/sollabsevilla.com\\\/#primaryimage\"},\"image\":{\"@id\":\"https:\\\/\\\/sollabsevilla.com\\\/#primaryimage\"},\"thumbnailUrl\":\"https:\\\/\\\/sollabsevilla.com\\\/wp-content\\\/uploads\\\/2024\\\/10\\\/sol-transparent-09-1.png\",\"datePublished\":\"2022-03-13T18:50:10+00:00\",\"dateModified\":\"2026-01-19T16:13:56+00:00\",\"description\":\"Revelado y venta de carretes, digitalizaci\u00f3n y servicios de impresi\u00f3n digital. Reparaci\u00f3n y venta de c\u00e1maras. C\\\/Almirante Tenorio 3, Sevilla\",\"breadcrumb\":{\"@id\":\"https:\\\/\\\/sollabsevilla.com\\\/#breadcrumb\"},\"inLanguage\":\"es\",\"potentialAction\":[{\"@type\":\"ReadAction\",\"target\":[\"https:\\\/\\\/sollabsevilla.com\\\/\"]}]},{\"@type\":\"ImageObject\",\"inLanguage\":\"es\",\"@id\":\"https:\\\/\\\/sollabsevilla.com\\\/#primaryimage\",\"url\":\"https:\\\/\\\/sollabsevilla.com\\\/wp-content\\\/uploads\\\/2024\\\/10\\\/sol-transparent-09-1.png\",\"contentUrl\":\"https:\\\/\\\/sollabsevilla.com\\\/wp-content\\\/uploads\\\/2024\\\/10\\\/sol-transparent-09-1.png\",\"width\":709,\"height\":709},{\"@type\":\"BreadcrumbList\",\"@id\":\"https:\\\/\\\/sollabsevilla.com\\\/#breadcrumb\",\"itemListElement\":[{\"@type\":\"ListItem\",\"position\":1,\"name\":\"Portada\",\"item\":\"https:\\\/\\\/sollabsevilla.com\\\/\"},{\"@type\":\"ListItem\",\"position\":2,\"name\":\"Inicio\"}]},{\"@type\":\"WebSite\",\"@id\":\"https:\\\/\\\/sollabsevilla.com\\\/#website\",\"url\":\"https:\\\/\\\/sollabsevilla.com\\\/\",\"name\":\"www.sollabsevilla.com\",\"description\":\"\",\"publisher\":{\"@id\":\"https:\\\/\\\/sollabsevilla.com\\\/#organization\"},\"potentialAction\":[{\"@type\":\"SearchAction\",\"target\":{\"@type\":\"EntryPoint\",\"urlTemplate\":\"https:\\\/\\\/sollabsevilla.com\\\/?s={search_term_string}\"},\"query-input\":{\"@type\":\"PropertyValueSpecification\",\"valueRequired\":true,\"valueName\":\"search_term_string\"}}],\"inLanguage\":\"es\"},{\"@type\":\"Organization\",\"@id\":\"https:\\\/\\\/sollabsevilla.com\\\/#organization\",\"name\":\"www.sollabsevilla.com\",\"url\":\"https:\\\/\\\/sollabsevilla.com\\\/\",\"logo\":{\"@type\":\"ImageObject\",\"inLanguage\":\"es\",\"@id\":\"https:\\\/\\\/sollabsevilla.com\\\/#\\\/schema\\\/logo\\\/image\\\/\",\"url\":\"https:\\\/\\\/sollabsevilla.com\\\/wp-content\\\/uploads\\\/2024\\\/10\\\/cropped-master-logo-factura-copia.png\",\"contentUrl\":\"https:\\\/\\\/sollabsevilla.com\\\/wp-content\\\/uploads\\\/2024\\\/10\\\/cropped-master-logo-factura-copia.png\",\"width\":2500,\"height\":698,\"caption\":\"www.sollabsevilla.com\"},\"image\":{\"@id\":\"https:\\\/\\\/sollabsevilla.com\\\/#\\\/schema\\\/logo\\\/image\\\/\"},\"sameAs\":[\"https:\\\/\\\/www.instagram.com\\\/sol.lab\\\/\"]},{\"@type\":\"Person\",\"@id\":\"https:\\\/\\\/sollabsevilla.com\\\/#\\\/schema\\\/person\\\/a317ebf61846ee6afdf2436f3d9681c5\",\"name\":\"SolLab\",\"image\":{\"@type\":\"ImageObject\",\"inLanguage\":\"es\",\"@id\":\"https:\\\/\\\/secure.gravatar.com\\\/avatar\\\/03027d077f2844a00698090015a1114d313e66bf5dc4d57b892d7ad945fc09a5?s=96&d=mm&r=g\",\"url\":\"https:\\\/\\\/secure.gravatar.com\\\/avatar\\\/03027d077f2844a00698090015a1114d313e66bf5dc4d57b892d7ad945fc09a5?s=96&d=mm&r=g\",\"contentUrl\":\"https:\\\/\\\/secure.gravatar.com\\\/avatar\\\/03027d077f2844a00698090015a1114d313e66bf5dc4d57b892d7ad945fc09a5?s=96&d=mm&r=g\",\"caption\":\"SolLab\"},\"description\":\"Laboratorio anal\u00f3gico desde 2019. Revelamos y escaneamos tus carretes. Estamos en c\\\/ Almirante Tenorio n\u00ba 3 Acc B, 41003 Sevilla de L-J de 10 a 14h y de 17 a 20h, Viernes de 10 a 14h\",\"sameAs\":[\"https:\\\/\\\/sollabsevilla.com\"],\"url\":\"https:\\\/\\\/sollabsevilla.com\\\/index.php\\\/author\\\/sollab\\\/\"}]}<\/script>\n<!-- \/ Yoast SEO plugin. -->","yoast_head_json":{"title":"SOL LAB | Laboratorio Anal\u00f3gico Sevilla | Revelado de carretes","description":"Revelado y venta de carretes, digitalizaci\u00f3n y servicios de impresi\u00f3n digital. Reparaci\u00f3n y venta de c\u00e1maras. C\/Almirante Tenorio 3, Sevilla","robots":{"index":"index","follow":"follow","max-snippet":"max-snippet:-1","max-image-preview":"max-image-preview:large","max-video-preview":"max-video-preview:-1"},"canonical":"https:\/\/sollabsevilla.com\/","og_locale":"es_ES","og_type":"article","og_title":"SOL LAB | Laboratorio Anal\u00f3gico Sevilla | Revelado de carretes","og_description":"Revelado y venta de carretes, digitalizaci\u00f3n y servicios de impresi\u00f3n digital. Reparaci\u00f3n y venta de c\u00e1maras. C\/Almirante Tenorio 3, Sevilla","og_url":"https:\/\/sollabsevilla.com\/","article_modified_time":"2026-01-19T16:13:56+00:00","og_image":[{"width":709,"height":709,"url":"https:\/\/sollabsevilla.com\/wp-content\/uploads\/2024\/10\/sol-transparent-09-1.png","type":"image\/png"}],"twitter_card":"summary_large_image","twitter_misc":{"Tiempo de lectura":"1 minuto"},"schema":{"@context":"https:\/\/schema.org","@graph":[{"@type":["Article","BlogPosting"],"@id":"https:\/\/sollabsevilla.com\/#article","isPartOf":{"@id":"https:\/\/sollabsevilla.com\/"},"author":{"name":"SolLab","@id":"https:\/\/sollabsevilla.com\/#\/schema\/person\/a317ebf61846ee6afdf2436f3d9681c5"},"headline":"Inicio","datePublished":"2022-03-13T18:50:10+00:00","dateModified":"2026-01-19T16:13:56+00:00","mainEntityOfPage":{"@id":"https:\/\/sollabsevilla.com\/"},"wordCount":19,"publisher":{"@id":"https:\/\/sollabsevilla.com\/#organization"},"image":{"@id":"https:\/\/sollabsevilla.com\/#primaryimage"},"thumbnailUrl":"https:\/\/sollabsevilla.com\/wp-content\/uploads\/2024\/10\/sol-transparent-09-1.png","inLanguage":"es"},{"@type":"WebPage","@id":"https:\/\/sollabsevilla.com\/","url":"https:\/\/sollabsevilla.com\/","name":"SOL LAB | Laboratorio Anal\u00f3gico Sevilla | Revelado de carretes","isPartOf":{"@id":"https:\/\/sollabsevilla.com\/#website"},"primaryImageOfPage":{"@id":"https:\/\/sollabsevilla.com\/#primaryimage"},"image":{"@id":"https:\/\/sollabsevilla.com\/#primaryimage"},"thumbnailUrl":"https:\/\/sollabsevilla.com\/wp-content\/uploads\/2024\/10\/sol-transparent-09-1.png","datePublished":"2022-03-13T18:50:10+00:00","dateModified":"2026-01-19T16:13:56+00:00","description":"Revelado y venta de carretes, digitalizaci\u00f3n y servicios de impresi\u00f3n digital. Reparaci\u00f3n y venta de c\u00e1maras. C\/Almirante Tenorio 3, Sevilla","breadcrumb":{"@id":"https:\/\/sollabsevilla.com\/#breadcrumb"},"inLanguage":"es","potentialAction":[{"@type":"ReadAction","target":["https:\/\/sollabsevilla.com\/"]}]},{"@type":"ImageObject","inLanguage":"es","@id":"https:\/\/sollabsevilla.com\/#primaryimage","url":"https:\/\/sollabsevilla.com\/wp-content\/uploads\/2024\/10\/sol-transparent-09-1.png","contentUrl":"https:\/\/sollabsevilla.com\/wp-content\/uploads\/2024\/10\/sol-transparent-09-1.png","width":709,"height":709},{"@type":"BreadcrumbList","@id":"https:\/\/sollabsevilla.com\/#breadcrumb","itemListElement":[{"@type":"ListItem","position":1,"name":"Portada","item":"https:\/\/sollabsevilla.com\/"},{"@type":"ListItem","position":2,"name":"Inicio"}]},{"@type":"WebSite","@id":"https:\/\/sollabsevilla.com\/#website","url":"https:\/\/sollabsevilla.com\/","name":"www.sollabsevilla.com","description":"","publisher":{"@id":"https:\/\/sollabsevilla.com\/#organization"},"potentialAction":[{"@type":"SearchAction","target":{"@type":"EntryPoint","urlTemplate":"https:\/\/sollabsevilla.com\/?s={search_term_string}"},"query-input":{"@type":"PropertyValueSpecification","valueRequired":true,"valueName":"search_term_string"}}],"inLanguage":"es"},{"@type":"Organization","@id":"https:\/\/sollabsevilla.com\/#organization","name":"www.sollabsevilla.com","url":"https:\/\/sollabsevilla.com\/","logo":{"@type":"ImageObject","inLanguage":"es","@id":"https:\/\/sollabsevilla.com\/#\/schema\/logo\/image\/","url":"https:\/\/sollabsevilla.com\/wp-content\/uploads\/2024\/10\/cropped-master-logo-factura-copia.png","contentUrl":"https:\/\/sollabsevilla.com\/wp-content\/uploads\/2024\/10\/cropped-master-logo-factura-copia.png","width":2500,"height":698,"caption":"www.sollabsevilla.com"},"image":{"@id":"https:\/\/sollabsevilla.com\/#\/schema\/logo\/image\/"},"sameAs":["https:\/\/www.instagram.com\/sol.lab\/"]},{"@type":"Person","@id":"https:\/\/sollabsevilla.com\/#\/schema\/person\/a317ebf61846ee6afdf2436f3d9681c5","name":"SolLab","image":{"@type":"ImageObject","inLanguage":"es","@id":"https:\/\/secure.gravatar.com\/avatar\/03027d077f2844a00698090015a1114d313e66bf5dc4d57b892d7ad945fc09a5?s=96&d=mm&r=g","url":"https:\/\/secure.gravatar.com\/avatar\/03027d077f2844a00698090015a1114d313e66bf5dc4d57b892d7ad945fc09a5?s=96&d=mm&r=g","contentUrl":"https:\/\/secure.gravatar.com\/avatar\/03027d077f2844a00698090015a1114d313e66bf5dc4d57b892d7ad945fc09a5?s=96&d=mm&r=g","caption":"SolLab"},"description":"Laboratorio anal\u00f3gico desde 2019. Revelamos y escaneamos tus carretes. Estamos en c\/ Almirante Tenorio n\u00ba 3 Acc B, 41003 Sevilla de L-J de 10 a 14h y de 17 a 20h, Viernes de 10 a 14h","sameAs":["https:\/\/sollabsevilla.com"],"url":"https:\/\/sollabsevilla.com\/index.php\/author\/sollab\/"}]}},"jetpack_sharing_enabled":true,"_links":{"self":[{"href":"https:\/\/sollabsevilla.com\/index.php\/wp-json\/wp\/v2\/pages\/36","targetHints":{"allow":["GET"]}}],"collection":[{"href":"https:\/\/sollabsevilla.com\/index.php\/wp-json\/wp\/v2\/pages"}],"about":[{"href":"https:\/\/sollabsevilla.com\/index.php\/wp-json\/wp\/v2\/types\/page"}],"author":[{"embeddable":true,"href":"https:\/\/sollabsevilla.com\/index.php\/wp-json\/wp\/v2\/users\/1"}],"replies":[{"embeddable":true,"href":"https:\/\/sollabsevilla.com\/index.php\/wp-json\/wp\/v2\/comments?post=36"}],"version-history":[{"count":82,"href":"https:\/\/sollabsevilla.com\/index.php\/wp-json\/wp\/v2\/pages\/36\/revisions"}],"predecessor-version":[{"id":4126,"href":"https:\/\/sollabsevilla.com\/index.php\/wp-json\/wp\/v2\/pages\/36\/revisions\/4126"}],"wp:attachment":[{"href":"https:\/\/sollabsevilla.com\/index.php\/wp-json\/wp\/v2\/media?parent=36"}],"curies":[{"name":"wp","href":"https:\/\/api.w.org\/{rel}","templated":true}]}}